{"id":367,"date":"2024-01-13T13:48:23","date_gmt":"2024-01-13T12:48:23","guid":{"rendered":"https:\/\/athinawildcat.com\/?page_id=367"},"modified":"2024-11-03T20:56:00","modified_gmt":"2024-11-03T19:56:00","slug":"histoires-courtes","status":"publish","type":"page","link":"https:\/\/athinawildcat.com\/index.php\/histoires-courtes\/","title":{"rendered":"Histoires courtes"},"content":{"rendered":"\t\t<div data-elementor-type=\"wp-page\" data-elementor-id=\"367\" class=\"elementor elementor-367\">\n\t\t\t\t<div class=\"elementor-element elementor-element-3f03270 e-con-full e-flex e-con e-parent\" data-id=\"3f03270\" data-element_type=\"container\" data-settings=\"{&quot;background_background&quot;:&quot;classic&quot;}\">\n\t\t\t\t<div class=\"elementor-element elementor-element-0f322a5 elementor-widget elementor-widget-heading\" data-id=\"0f322a5\" data-element_type=\"widget\" data-widget_type=\"heading.default\">\n\t\t\t\t<div class=\"elementor-widget-container\">\n\t\t\t<style>\/*! elementor - v3.23.0 - 25-07-2024 *\/\n.elementor-heading-title{padding:0;margin:0;line-height:1}.elementor-widget-heading .elementor-heading-title[class*=elementor-size-]>a{color:inherit;font-size:inherit;line-height:inherit}.elementor-widget-heading .elementor-heading-title.elementor-size-small{font-size:15px}.elementor-widget-heading .elementor-heading-title.elementor-size-medium{font-size:19px}.elementor-widget-heading .elementor-heading-title.elementor-size-large{font-size:29px}.elementor-widget-heading .elementor-heading-title.elementor-size-xl{font-size:39px}.elementor-widget-heading .elementor-heading-title.elementor-size-xxl{font-size:59px}<\/style><h2 class=\"elementor-heading-title elementor-size-xl\">Histoires courtes<\/h2>\t\t<\/div>\n\t\t\t\t<\/div>\n\t\t\t\t<\/div>\n\t\t<div class=\"elementor-element elementor-element-f67c39f e-flex e-con-boxed e-con e-parent\" data-id=\"f67c39f\" data-element_type=\"container\">\n\t\t\t\t\t<div class=\"e-con-inner\">\n\t\t\t\t<div class=\"elementor-element elementor-element-f09ba00 elementor-widget elementor-widget-spacer\" data-id=\"f09ba00\" data-element_type=\"widget\" data-widget_type=\"spacer.default\">\n\t\t\t\t<div class=\"elementor-widget-container\">\n\t\t\t<style>\/*! elementor - v3.23.0 - 25-07-2024 *\/\n.elementor-column .elementor-spacer-inner{height:var(--spacer-size)}.e-con{--container-widget-width:100%}.e-con-inner>.elementor-widget-spacer,.e-con>.elementor-widget-spacer{width:var(--container-widget-width,var(--spacer-size));--align-self:var(--container-widget-align-self,initial);--flex-shrink:0}.e-con-inner>.elementor-widget-spacer>.elementor-widget-container,.e-con>.elementor-widget-spacer>.elementor-widget-container{height:100%;width:100%}.e-con-inner>.elementor-widget-spacer>.elementor-widget-container>.elementor-spacer,.e-con>.elementor-widget-spacer>.elementor-widget-container>.elementor-spacer{height:100%}.e-con-inner>.elementor-widget-spacer>.elementor-widget-container>.elementor-spacer>.elementor-spacer-inner,.e-con>.elementor-widget-spacer>.elementor-widget-container>.elementor-spacer>.elementor-spacer-inner{height:var(--container-widget-height,var(--spacer-size))}.e-con-inner>.elementor-widget-spacer.elementor-widget-empty,.e-con>.elementor-widget-spacer.elementor-widget-empty{position:relative;min-height:22px;min-width:22px}.e-con-inner>.elementor-widget-spacer.elementor-widget-empty .elementor-widget-empty-icon,.e-con>.elementor-widget-spacer.elementor-widget-empty .elementor-widget-empty-icon{position:absolute;top:0;bottom:0;left:0;right:0;margin:auto;padding:0;width:22px;height:22px}<\/style>\t\t<div class=\"elementor-spacer\">\n\t\t\t<div class=\"elementor-spacer-inner\"><\/div>\n\t\t<\/div>\n\t\t\t\t<\/div>\n\t\t\t\t<\/div>\n\t\t\t\t<div class=\"elementor-element elementor-element-4a9838a elementor-widget elementor-widget-heading\" data-id=\"4a9838a\" data-element_type=\"widget\" data-widget_type=\"heading.default\">\n\t\t\t\t<div class=\"elementor-widget-container\">\n\t\t\t<h2 class=\"elementor-heading-title elementor-size-default\">Stella et ses petits d\u00e9boires<\/h2>\t\t<\/div>\n\t\t\t\t<\/div>\n\t\t\t\t\t<\/div>\n\t\t\t\t<\/div>\n\t\t<div class=\"elementor-element elementor-element-676edd3 e-flex e-con-boxed e-con e-parent\" data-id=\"676edd3\" data-element_type=\"container\">\n\t\t\t\t\t<div class=\"e-con-inner\">\n\t\t<div class=\"elementor-element elementor-element-a155de8 e-con-full e-flex e-con e-child\" data-id=\"a155de8\" data-element_type=\"container\" data-settings=\"{&quot;background_background&quot;:&quot;classic&quot;}\">\n\t\t\t\t<div class=\"elementor-element elementor-element-2d9777b elementor-widget elementor-widget-heading\" data-id=\"2d9777b\" data-element_type=\"widget\" data-widget_type=\"heading.default\">\n\t\t\t\t<div class=\"elementor-widget-container\">\n\t\t\t<h2 class=\"elementor-heading-title elementor-size-medium\">Episode 1 - Une soir\u00e9e d\u00e9sastreuse<\/h2>\t\t<\/div>\n\t\t\t\t<\/div>\n\t\t\t\t<div class=\"elementor-element elementor-element-484ead3 elementor-widget elementor-widget-image\" data-id=\"484ead3\" data-element_type=\"widget\" data-widget_type=\"image.default\">\n\t\t\t\t<div class=\"elementor-widget-container\">\n\t\t\t<style>\/*! elementor - v3.23.0 - 25-07-2024 *\/\n.elementor-widget-image{text-align:center}.elementor-widget-image a{display:inline-block}.elementor-widget-image a img[src$=\".svg\"]{width:48px}.elementor-widget-image img{vertical-align:middle;display:inline-block}<\/style>\t\t\t\t\t\t\t\t\t\t<img fetchpriority=\"high\" decoding=\"async\" width=\"1170\" height=\"536\" src=\"https:\/\/athinawildcat.com\/wp-content\/uploads\/2023\/12\/Soiree-desastreuse-1170x536.png\" class=\"attachment-htmega_size_1170x536 size-htmega_size_1170x536 wp-image-195\" alt=\"\" \/>\t\t\t\t\t\t\t\t\t\t\t\t\t<\/div>\n\t\t\t\t<\/div>\n\t\t\t\t<div class=\"elementor-element elementor-element-f47b4ff elementor-widget elementor-widget-text-editor\" data-id=\"f47b4ff\" data-element_type=\"widget\" data-widget_type=\"text-editor.default\">\n\t\t\t\t<div class=\"elementor-widget-container\">\n\t\t\t<style>\/*! elementor - v3.23.0 - 25-07-2024 *\/\n.elementor-widget-text-editor.elementor-drop-cap-view-stacked .elementor-drop-cap{background-color:#69727d;color:#fff}.elementor-widget-text-editor.elementor-drop-cap-view-framed .elementor-drop-cap{color:#69727d;border:3px solid;background-color:transparent}.elementor-widget-text-editor:not(.elementor-drop-cap-view-default) .elementor-drop-cap{margin-top:8px}.elementor-widget-text-editor:not(.elementor-drop-cap-view-default) .elementor-drop-cap-letter{width:1em;height:1em}.elementor-widget-text-editor .elementor-drop-cap{float:left;text-align:center;line-height:1;font-size:50px}.elementor-widget-text-editor .elementor-drop-cap-letter{display:inline-block}<\/style>\t\t\t\t<p><span style=\"color: #003300;\"><span style=\"text-decoration: underline;\"><strong>R\u00e9sum\u00e9<\/strong><\/span> : Stella a rendez-vous avec un homme rencontr\u00e9 sur une application. La soir\u00e9e est tellement catastrophique qu\u2019elle d\u00e9cide d\u2019arr\u00eater d\u00e9finitivement avec le sexe<\/span> <span style=\"color: #003300;\">masculin.[<a href=\"https:\/\/athinawildcat.com\/index.php\/elementor-574\/\">Cliquez pour lire<\/a>]<\/span><\/p>\t\t\t\t\t\t<\/div>\n\t\t\t\t<\/div>\n\t\t\t\t<\/div>\n\t\t<div class=\"elementor-element elementor-element-83b29c8 e-con-full e-flex e-con e-child\" data-id=\"83b29c8\" data-element_type=\"container\" data-settings=\"{&quot;background_background&quot;:&quot;classic&quot;}\">\n\t\t\t\t<div class=\"elementor-element elementor-element-e2f8819 elementor-widget elementor-widget-heading\" data-id=\"e2f8819\" data-element_type=\"widget\" data-widget_type=\"heading.default\">\n\t\t\t\t<div class=\"elementor-widget-container\">\n\t\t\t<h2 class=\"elementor-heading-title elementor-size-medium\">Episode 2 - A moi l'aventure !<\/h2>\t\t<\/div>\n\t\t\t\t<\/div>\n\t\t\t\t<div class=\"elementor-element elementor-element-03e03d1 elementor-widget elementor-widget-image\" data-id=\"03e03d1\" data-element_type=\"widget\" data-widget_type=\"image.default\">\n\t\t\t\t<div class=\"elementor-widget-container\">\n\t\t\t\t\t\t\t\t\t\t\t\t\t<img decoding=\"async\" width=\"1170\" height=\"536\" src=\"https:\/\/athinawildcat.com\/wp-content\/uploads\/2024\/02\/Design-sans-titre-29-1170x536.png\" class=\"attachment-htmega_size_1170x536 size-htmega_size_1170x536 wp-image-750\" alt=\"\" \/>\t\t\t\t\t\t\t\t\t\t\t\t\t<\/div>\n\t\t\t\t<\/div>\n\t\t\t\t<div class=\"elementor-element elementor-element-739d67a elementor-widget elementor-widget-text-editor\" data-id=\"739d67a\" data-element_type=\"widget\" data-widget_type=\"text-editor.default\">\n\t\t\t\t<div class=\"elementor-widget-container\">\n\t\t\t\t\t\t\t<p><span style=\"color: #003300;\"><span style=\"text-decoration: underline;\"><strong>R\u00e9sum\u00e9<\/strong><\/span> : Bien d\u00e9cid\u00e9e \u00e0 ne pas d\u00e9roger \u00e0 sa nouvelle r\u00e9solution, Stella part au Togo.\u00a0 Une aventure humaine qui lui apportera son lot de situations cocasses mais qui lui permettra surtout de se d\u00e9couvrir. [<a href=\"https:\/\/athinawildcat.com\/index.php\/histoires-courtes_a-moi-laventure\/\"><span style=\"text-decoration: underline;\">Cliquez pour lire<\/span><\/a>]<\/span><\/p>\t\t\t\t\t\t<\/div>\n\t\t\t\t<\/div>\n\t\t\t\t<\/div>\n\t\t\t\t\t<\/div>\n\t\t\t\t<\/div>\n\t\t<div class=\"elementor-element elementor-element-d1456a8 e-flex e-con-boxed e-con e-parent\" data-id=\"d1456a8\" data-element_type=\"container\">\n\t\t\t\t\t<div class=\"e-con-inner\">\n\t\t<div class=\"elementor-element elementor-element-6e7b646 e-con-full e-flex e-con e-child\" data-id=\"6e7b646\" data-element_type=\"container\" data-settings=\"{&quot;background_background&quot;:&quot;classic&quot;}\">\n\t\t\t\t<div class=\"elementor-element elementor-element-641a015 elementor-widget elementor-widget-heading\" data-id=\"641a015\" data-element_type=\"widget\" data-widget_type=\"heading.default\">\n\t\t\t\t<div class=\"elementor-widget-container\">\n\t\t\t<h2 class=\"elementor-heading-title elementor-size-medium\">Episode 3 - Ne me soumettez pas \u00e0 la tentation<\/h2>\t\t<\/div>\n\t\t\t\t<\/div>\n\t\t\t\t<div class=\"elementor-element elementor-element-97b2626 elementor-widget elementor-widget-image\" data-id=\"97b2626\" data-element_type=\"widget\" data-widget_type=\"image.default\">\n\t\t\t\t<div class=\"elementor-widget-container\">\n\t\t\t\t\t\t\t\t\t\t\t\t\t<img decoding=\"async\" width=\"1170\" height=\"536\" src=\"https:\/\/athinawildcat.com\/wp-content\/uploads\/2024\/02\/Design-sans-titre-28-1170x536.png\" class=\"attachment-htmega_size_1170x536 size-htmega_size_1170x536 wp-image-723\" alt=\"\" \/>\t\t\t\t\t\t\t\t\t\t\t\t\t<\/div>\n\t\t\t\t<\/div>\n\t\t\t\t<div class=\"elementor-element elementor-element-6531d9a elementor-widget elementor-widget-text-editor\" data-id=\"6531d9a\" data-element_type=\"widget\" data-widget_type=\"text-editor.default\">\n\t\t\t\t<div class=\"elementor-widget-container\">\n\t\t\t\t\t\t\t<p><span style=\"text-decoration: underline; color: #003300;\"><strong>R\u00e9sum\u00e9<\/strong><\/span> : <span style=\"color: #003300;\">Stella essaye tant bien que mal de s&rsquo;adapter \u00e0 sa nouvelle vie, mais son go\u00fbt pour la bonne chaire ne lui facilite pas la t\u00e2che. Entre son coll\u00e8gue de travail et les hommes qu&rsquo;elle croisent au quotidien, la tentation est grande.<\/span> [<a href=\"https:\/\/athinawildcat.com\/index.php\/tentation\/\"><span style=\"text-decoration: underline;\">Cliquez pour lire<\/span><\/a>]<\/p>\t\t\t\t\t\t<\/div>\n\t\t\t\t<\/div>\n\t\t\t\t<\/div>\n\t\t<div class=\"elementor-element elementor-element-2568e93 e-con-full e-flex e-con e-child\" data-id=\"2568e93\" data-element_type=\"container\" data-settings=\"{&quot;background_background&quot;:&quot;classic&quot;}\">\n\t\t\t\t<div class=\"elementor-element elementor-element-c731723 elementor-widget elementor-widget-heading\" data-id=\"c731723\" data-element_type=\"widget\" data-widget_type=\"heading.default\">\n\t\t\t\t<div class=\"elementor-widget-container\">\n\t\t\t<h2 class=\"elementor-heading-title elementor-size-medium\">Episode 4 - La nouvelle Stella<\/h2>\t\t<\/div>\n\t\t\t\t<\/div>\n\t\t\t\t<div class=\"elementor-element elementor-element-03347a9 elementor-widget elementor-widget-image\" data-id=\"03347a9\" data-element_type=\"widget\" data-widget_type=\"image.default\">\n\t\t\t\t<div class=\"elementor-widget-container\">\n\t\t\t\t\t\t\t\t\t\t\t\t\t<img loading=\"lazy\" decoding=\"async\" width=\"1170\" height=\"536\" src=\"https:\/\/athinawildcat.com\/wp-content\/uploads\/2024\/08\/Stella_Episode-4-1170x536.png\" class=\"attachment-htmega_size_1170x536 size-htmega_size_1170x536 wp-image-1773\" alt=\"\" \/>\t\t\t\t\t\t\t\t\t\t\t\t\t<\/div>\n\t\t\t\t<\/div>\n\t\t\t\t<div class=\"elementor-element elementor-element-14550a9 elementor-widget elementor-widget-text-editor\" data-id=\"14550a9\" data-element_type=\"widget\" data-widget_type=\"text-editor.default\">\n\t\t\t\t<div class=\"elementor-widget-container\">\n\t\t\t\t\t\t\t<p><span style=\"color: #333300;\"><span style=\"text-decoration: underline;\"><strong>R\u00e9sum\u00e9<\/strong><\/span> : C&rsquo;est non sans mal que Stella arrive au bout de son ann\u00e9e d&rsquo;abstinence. A quelques semaines de la fin, un obstacle va pourtant se dresser sur son chemin. La f\u00eate de la Saint-Valentin risque-t-elle de la faire flancher ?\u00a0 [<span style=\"text-decoration: underline;\"><a href=\"https:\/\/athinawildcat.com\/index.php\/histoire-la-nouvelle-stella\/\">Cliquez pour lire<\/a><\/span>]<\/span><\/p>\t\t\t\t\t\t<\/div>\n\t\t\t\t<\/div>\n\t\t\t\t<\/div>\n\t\t\t\t\t<\/div>\n\t\t\t\t<\/div>\n\t\t<div class=\"elementor-element elementor-element-08af315 e-flex e-con-boxed e-con e-parent\" data-id=\"08af315\" data-element_type=\"container\">\n\t\t\t\t\t<div class=\"e-con-inner\">\n\t\t\t\t<div class=\"elementor-element elementor-element-194233c elementor-widget elementor-widget-heading\" data-id=\"194233c\" data-element_type=\"widget\" data-widget_type=\"heading.default\">\n\t\t\t\t<div class=\"elementor-widget-container\">\n\t\t\t<h2 class=\"elementor-heading-title elementor-size-default\">Les Bannis<\/h2>\t\t<\/div>\n\t\t\t\t<\/div>\n\t\t\t\t\t<\/div>\n\t\t\t\t<\/div>\n\t\t<div class=\"elementor-element elementor-element-a32cd11 e-flex e-con-boxed e-con e-parent\" data-id=\"a32cd11\" data-element_type=\"container\">\n\t\t\t\t\t<div class=\"e-con-inner\">\n\t\t<div class=\"elementor-element elementor-element-f941461 e-con-full e-flex e-con e-child\" data-id=\"f941461\" data-element_type=\"container\" data-settings=\"{&quot;background_background&quot;:&quot;classic&quot;}\">\n\t\t\t\t<div class=\"elementor-element elementor-element-165ab09 elementor-widget elementor-widget-heading\" data-id=\"165ab09\" data-element_type=\"widget\" data-widget_type=\"heading.default\">\n\t\t\t\t<div class=\"elementor-widget-container\">\n\t\t\t<h4 class=\"elementor-heading-title elementor-size-default\">Episode 1 - L'\u00eele d'Esp\u00e9rance<\/h4>\t\t<\/div>\n\t\t\t\t<\/div>\n\t\t\t\t<div class=\"elementor-element elementor-element-1a44422 elementor-widget elementor-widget-image\" data-id=\"1a44422\" data-element_type=\"widget\" data-widget_type=\"image.default\">\n\t\t\t\t<div class=\"elementor-widget-container\">\n\t\t\t\t\t\t\t\t\t\t\t\t\t<img loading=\"lazy\" decoding=\"async\" width=\"1170\" height=\"536\" src=\"https:\/\/athinawildcat.com\/wp-content\/uploads\/2024\/04\/Photo_Esperance_Les-Banies-1170x536.png\" class=\"attachment-htmega_size_1170x536 size-htmega_size_1170x536 wp-image-1136\" alt=\"\" \/>\t\t\t\t\t\t\t\t\t\t\t\t\t<\/div>\n\t\t\t\t<\/div>\n\t\t\t\t<div class=\"elementor-element elementor-element-9f609e9 elementor-widget elementor-widget-text-editor\" data-id=\"9f609e9\" data-element_type=\"widget\" data-widget_type=\"text-editor.default\">\n\t\t\t\t<div class=\"elementor-widget-container\">\n\t\t\t\t\t\t\t<p><span style=\"color: #333300;\"><strong><span style=\"text-decoration: underline;\">R\u00e9sum\u00e9<\/span><\/strong> : Alice a du mal \u00e0 trouver du travail suite \u00e0 sa sortie de prison, mais lorsqu&rsquo;elle re\u00e7oit un message lui proposant du travail, elle pense que la chance lui sourit enfin. Bien d\u00e9cid\u00e9e \u00e0 tourner la page, elle part direction l&rsquo;\u00eele d&rsquo;Esp\u00e9rance sans penser une seule seconde que ses faits et gestes seront entrav\u00e9s.[<a href=\"https:\/\/athinawildcat.com\/index.php\/lile-desperance_histoire\/\"><span style=\"text-decoration: underline;\">Cliquez pour lire<\/span><\/a>]<\/span><\/p>\t\t\t\t\t\t<\/div>\n\t\t\t\t<\/div>\n\t\t\t\t<\/div>\n\t\t<div class=\"elementor-element elementor-element-7174805 e-con-full e-flex e-con e-child\" data-id=\"7174805\" data-element_type=\"container\" data-settings=\"{&quot;background_background&quot;:&quot;classic&quot;}\">\n\t\t\t\t<div class=\"elementor-element elementor-element-d4b96e6 elementor-widget elementor-widget-heading\" data-id=\"d4b96e6\" data-element_type=\"widget\" data-widget_type=\"heading.default\">\n\t\t\t\t<div class=\"elementor-widget-container\">\n\t\t\t<h4 class=\"elementor-heading-title elementor-size-default\">Episode 2 - Derri\u00e8re les apparences<\/h4>\t\t<\/div>\n\t\t\t\t<\/div>\n\t\t\t\t<div class=\"elementor-element elementor-element-67a5b8d elementor-widget elementor-widget-image\" data-id=\"67a5b8d\" data-element_type=\"widget\" data-widget_type=\"image.default\">\n\t\t\t\t<div class=\"elementor-widget-container\">\n\t\t\t\t\t\t\t\t\t\t\t\t\t<img loading=\"lazy\" decoding=\"async\" width=\"1170\" height=\"536\" src=\"https:\/\/athinawildcat.com\/wp-content\/uploads\/2024\/04\/Photo_Derriere-les-apparences-1170x536.png\" class=\"attachment-htmega_size_1170x536 size-htmega_size_1170x536 wp-image-1199\" alt=\"\" \/>\t\t\t\t\t\t\t\t\t\t\t\t\t<\/div>\n\t\t\t\t<\/div>\n\t\t\t\t<div class=\"elementor-element elementor-element-8623734 elementor-widget elementor-widget-text-editor\" data-id=\"8623734\" data-element_type=\"widget\" data-widget_type=\"text-editor.default\">\n\t\t\t\t<div class=\"elementor-widget-container\">\n\t\t\t\t\t\t\t<p><span style=\"color: #333300;\"><strong><span style=\"text-decoration: underline;\">R\u00e9sum\u00e9<\/span><\/strong> : Plus le temps passe, plus Alice comprend que des choses anormales se passent sur cette \u00eele. Ses doutes ne font que s&rsquo;accentuer lorsqu&rsquo;une connaissance se fait tuer sous ses yeux. [<a href=\"https:\/\/athinawildcat.com\/index.php\/derriere-les-apparences_histoire\/\"><span style=\"text-decoration: underline;\">Cliquez pour lire<\/span><\/a>]<\/span><\/p>\t\t\t\t\t\t<\/div>\n\t\t\t\t<\/div>\n\t\t\t\t<\/div>\n\t\t\t\t\t<\/div>\n\t\t\t\t<\/div>\n\t\t<div class=\"elementor-element elementor-element-eb00fcc e-flex e-con-boxed e-con e-parent\" data-id=\"eb00fcc\" data-element_type=\"container\">\n\t\t\t\t\t<div class=\"e-con-inner\">\n\t\t<div class=\"elementor-element elementor-element-12e8393 e-con-full e-flex e-con e-child\" data-id=\"12e8393\" data-element_type=\"container\" data-settings=\"{&quot;background_background&quot;:&quot;classic&quot;}\">\n\t\t\t\t<div class=\"elementor-element elementor-element-f63f5c3 elementor-widget elementor-widget-heading\" data-id=\"f63f5c3\" data-element_type=\"widget\" data-widget_type=\"heading.default\">\n\t\t\t\t<div class=\"elementor-widget-container\">\n\t\t\t<h5 class=\"elementor-heading-title elementor-size-default\">Episode 3 - Une cage presque dor\u00e9e<\/h5>\t\t<\/div>\n\t\t\t\t<\/div>\n\t\t\t\t<div class=\"elementor-element elementor-element-f72ca25 elementor-widget elementor-widget-image\" data-id=\"f72ca25\" data-element_type=\"widget\" data-widget_type=\"image.default\">\n\t\t\t\t<div class=\"elementor-widget-container\">\n\t\t\t\t\t\t\t\t\t\t\t\t\t<img loading=\"lazy\" decoding=\"async\" width=\"1170\" height=\"536\" src=\"https:\/\/athinawildcat.com\/wp-content\/uploads\/2024\/09\/Photo_Cage-doree_Les-Bannis-1170x536.png\" class=\"attachment-htmega_size_1170x536 size-htmega_size_1170x536 wp-image-1831\" alt=\"\" \/>\t\t\t\t\t\t\t\t\t\t\t\t\t<\/div>\n\t\t\t\t<\/div>\n\t\t\t\t<div class=\"elementor-element elementor-element-6a0988b elementor-widget elementor-widget-text-editor\" data-id=\"6a0988b\" data-element_type=\"widget\" data-widget_type=\"text-editor.default\">\n\t\t\t\t<div class=\"elementor-widget-container\">\n\t\t\t\t\t\t\t<p><span style=\"color: #003300;\"><span style=\"text-decoration: underline;\">R\u00e9sum\u00e9<\/span> : Des secrets bien gard\u00e9s abritent l&rsquo;\u00eele d&rsquo;apparence paradisiaque. [<a href=\"https:\/\/athinawildcat.com\/index.php\/histoire-les-bannis-une-cage-presque-doree-partie-3\/\"><span style=\"text-decoration: underline;\">Cliquez pour lire<\/span><\/a>]<\/span><\/p>\t\t\t\t\t\t<\/div>\n\t\t\t\t<\/div>\n\t\t\t\t<\/div>\n\t\t<div class=\"elementor-element elementor-element-9be5fcc e-con-full e-flex e-con e-child\" data-id=\"9be5fcc\" data-element_type=\"container\" data-settings=\"{&quot;background_background&quot;:&quot;classic&quot;}\">\n\t\t\t\t<div class=\"elementor-element elementor-element-a19300a elementor-widget elementor-widget-heading\" data-id=\"a19300a\" data-element_type=\"widget\" data-widget_type=\"heading.default\">\n\t\t\t\t<div class=\"elementor-widget-container\">\n\t\t\t<h5 class=\"elementor-heading-title elementor-size-default\">Episode 4 - Jeux de dupes<\/h5>\t\t<\/div>\n\t\t\t\t<\/div>\n\t\t\t\t<div class=\"elementor-element elementor-element-eb12e60 elementor-widget elementor-widget-image\" data-id=\"eb12e60\" data-element_type=\"widget\" data-widget_type=\"image.default\">\n\t\t\t\t<div class=\"elementor-widget-container\">\n\t\t\t\t\t\t\t\t\t\t\t\t\t<img loading=\"lazy\" decoding=\"async\" width=\"1170\" height=\"536\" src=\"https:\/\/athinawildcat.com\/wp-content\/uploads\/2024\/11\/1_Photo_Jeux-de-dupes-1170x536.jpg\" class=\"attachment-htmega_size_1170x536 size-htmega_size_1170x536 wp-image-1986\" alt=\"\" \/>\t\t\t\t\t\t\t\t\t\t\t\t\t<\/div>\n\t\t\t\t<\/div>\n\t\t\t\t<div class=\"elementor-element elementor-element-4b61844 elementor-widget elementor-widget-text-editor\" data-id=\"4b61844\" data-element_type=\"widget\" data-widget_type=\"text-editor.default\">\n\t\t\t\t<div class=\"elementor-widget-container\">\n\t\t\t\t\t\t\t<p><span style=\"color: #003300;\"><span style=\"text-decoration: underline;\">R\u00e9sum\u00e9<\/span> : Les habitants de l&rsquo;\u00eele d&rsquo;Esp\u00e9rance finissent par se soulever contre Georges Vidal. Mais personne n&rsquo;imagine qu&rsquo;une machination bien plus grande est en \u0153uvre.<\/span>[<a href=\"https:\/\/athinawildcat.com\/index.php\/histoire-les-bannis-jeux-de-dupes\/\"><span style=\"color: #003300;\"><span style=\"text-decoration: underline; color: #3366ff;\">Cliquez pour lire<\/span>]<\/span><\/a><\/p>\t\t\t\t\t\t<\/div>\n\t\t\t\t<\/div>\n\t\t\t\t<\/div>\n\t\t\t\t\t<\/div>\n\t\t\t\t<\/div>\n\t\t\t\t<\/div>\n\t\t","protected":false},"excerpt":{"rendered":"<p>Histoires courtes Stella et ses petits d\u00e9boires Episode 1 &#8211; Une soir\u00e9e d\u00e9sastreuse R\u00e9sum\u00e9 : Stella a rendez-vous avec un homme rencontr\u00e9 sur une application. La soir\u00e9e est tellement catastrophique qu\u2019elle d\u00e9cide d\u2019arr\u00eater d\u00e9finitivement avec le sexe masculin.[Cliquez pour lire] Episode 2 &#8211; A moi l&rsquo;aventure ! R\u00e9sum\u00e9 : Bien d\u00e9cid\u00e9e \u00e0 ne pas d\u00e9roger&#8230;<\/p>\n","protected":false},"author":1,"featured_media":0,"parent":0,"menu_order":0,"comment_status":"open","ping_status":"closed","template":"","meta":{"_monsterinsights_skip_tracking":false,"_monsterinsights_sitenote_active":false,"_monsterinsights_sitenote_note":"","_monsterinsights_sitenote_category":0,"_kad_post_transparent":"","_kad_post_title":"hide","_kad_post_layout":"fullwidth","_kad_post_sidebar_id":"","_kad_post_content_style":"unboxed","_kad_post_vertical_padding":"hide","_kad_post_feature":"hide","_kad_post_feature_position":"","_kad_post_header":false,"_kad_post_footer":false,"footnotes":""},"aioseo_notices":[],"_links":{"self":[{"href":"https:\/\/athinawildcat.com\/index.php\/wp-json\/wp\/v2\/pages\/367"}],"collection":[{"href":"https:\/\/athinawildcat.com\/index.php\/wp-json\/wp\/v2\/pages"}],"about":[{"href":"https:\/\/athinawildcat.com\/index.php\/wp-json\/wp\/v2\/types\/page"}],"author":[{"embeddable":true,"href":"https:\/\/athinawildcat.com\/index.php\/wp-json\/wp\/v2\/users\/1"}],"replies":[{"embeddable":true,"href":"https:\/\/athinawildcat.com\/index.php\/wp-json\/wp\/v2\/comments?post=367"}],"version-history":[{"count":161,"href":"https:\/\/athinawildcat.com\/index.php\/wp-json\/wp\/v2\/pages\/367\/revisions"}],"predecessor-version":[{"id":1992,"href":"https:\/\/athinawildcat.com\/index.php\/wp-json\/wp\/v2\/pages\/367\/revisions\/1992"}],"wp:attachment":[{"href":"https:\/\/athinawildcat.com\/index.php\/wp-json\/wp\/v2\/media?parent=367"}],"curies":[{"name":"wp","href":"https:\/\/api.w.org\/{rel}","templated":true}]}}