{"id":14,"date":"2023-12-23T22:36:52","date_gmt":"2023-12-23T21:36:52","guid":{"rendered":"https:\/\/athinawildcat.com\/?page_id=14"},"modified":"2024-07-28T12:16:21","modified_gmt":"2024-07-28T10:16:21","slug":"lexique-revisite","status":"publish","type":"page","link":"https:\/\/athinawildcat.com\/index.php\/lexique-revisite\/","title":{"rendered":"Lexique revisit\u00e9"},"content":{"rendered":"\t\t<div data-elementor-type=\"wp-page\" data-elementor-id=\"14\" class=\"elementor elementor-14\">\n\t\t\t\t<div class=\"elementor-element elementor-element-f48b9c4 e-flex e-con-boxed e-con e-parent\" data-id=\"f48b9c4\" data-element_type=\"container\">\n\t\t\t\t\t<div class=\"e-con-inner\">\n\t\t\t\t<div class=\"elementor-element elementor-element-283d497 elementor-widget elementor-widget-heading\" data-id=\"283d497\" data-element_type=\"widget\" data-widget_type=\"heading.default\">\n\t\t\t\t<div class=\"elementor-widget-container\">\n\t\t\t<style>\/*! elementor - v3.23.0 - 25-07-2024 *\/\n.elementor-heading-title{padding:0;margin:0;line-height:1}.elementor-widget-heading .elementor-heading-title[class*=elementor-size-]>a{color:inherit;font-size:inherit;line-height:inherit}.elementor-widget-heading .elementor-heading-title.elementor-size-small{font-size:15px}.elementor-widget-heading .elementor-heading-title.elementor-size-medium{font-size:19px}.elementor-widget-heading .elementor-heading-title.elementor-size-large{font-size:29px}.elementor-widget-heading .elementor-heading-title.elementor-size-xl{font-size:39px}.elementor-widget-heading .elementor-heading-title.elementor-size-xxl{font-size:59px}<\/style><h2 class=\"elementor-heading-title elementor-size-default\">LEXIQUE REVISITE<\/h2>\t\t<\/div>\n\t\t\t\t<\/div>\n\t\t\t\t\t<\/div>\n\t\t\t\t<\/div>\n\t\t<div class=\"elementor-element elementor-element-d2c0a37 e-flex e-con-boxed e-con e-parent\" data-id=\"d2c0a37\" data-element_type=\"container\">\n\t\t\t\t\t<div class=\"e-con-inner\">\n\t\t\t\t<div class=\"elementor-element elementor-element-817a8c4 elementor-widget elementor-widget-text-editor\" data-id=\"817a8c4\" data-element_type=\"widget\" data-widget_type=\"text-editor.default\">\n\t\t\t\t<div class=\"elementor-widget-container\">\n\t\t\t<style>\/*! elementor - v3.23.0 - 25-07-2024 *\/\n.elementor-widget-text-editor.elementor-drop-cap-view-stacked .elementor-drop-cap{background-color:#69727d;color:#fff}.elementor-widget-text-editor.elementor-drop-cap-view-framed .elementor-drop-cap{color:#69727d;border:3px solid;background-color:transparent}.elementor-widget-text-editor:not(.elementor-drop-cap-view-default) .elementor-drop-cap{margin-top:8px}.elementor-widget-text-editor:not(.elementor-drop-cap-view-default) .elementor-drop-cap-letter{width:1em;height:1em}.elementor-widget-text-editor .elementor-drop-cap{float:left;text-align:center;line-height:1;font-size:50px}.elementor-widget-text-editor .elementor-drop-cap-letter{display:inline-block}<\/style>\t\t\t\t<h5><span style=\"color: #000000;\"><em>Une fa\u00e7on particuli\u00e8re de d\u00e9finir une \u00e9motion, un \u00e9tat,&#8230;<\/em><\/span><\/h5>\n<h6><em><span style=\"color: #000000;\">Les faisant paraitre plus vivant que jamais, ils prennent le visage de personnages, tant\u00f4t<\/span> <span style=\"color: #000000;\">obscures, tant\u00f4t dr\u00f4les.&nbsp;<\/span><\/em><\/h6>\t\t\t\t\t\t<\/div>\n\t\t\t\t<\/div>\n\t\t\t\t\t<\/div>\n\t\t\t\t<\/div>\n\t\t<div class=\"elementor-element elementor-element-262d8db5 e-flex e-con-boxed e-con e-parent\" data-id=\"262d8db5\" data-element_type=\"container\">\n\t\t\t\t\t<div class=\"e-con-inner\">\n\t\t\t\t<div class=\"elementor-element elementor-element-dcfbed2 elementor-widget elementor-widget-text-editor\" data-id=\"dcfbed2\" data-element_type=\"widget\" data-widget_type=\"text-editor.default\">\n\t\t\t\t<div class=\"elementor-widget-container\">\n\t\t\t\t\t\t\t<!-- wp:columns -->\n<div class=\"wp-block-columns\"><!-- wp:column -->\n<div class=\"wp-block-column\"><!-- wp:paragraph -->\n<p><\/p>\n<!-- \/wp:paragraph --><\/div>\n<!-- \/wp:column --><\/div>\n<!-- \/wp:columns -->\t\t\t\t\t\t<\/div>\n\t\t\t\t<\/div>\n\t\t\t\t<div class=\"elementor-element elementor-element-8a625e5 elementor-widget elementor-widget-heading\" data-id=\"8a625e5\" data-element_type=\"widget\" data-widget_type=\"heading.default\">\n\t\t\t\t<div class=\"elementor-widget-container\">\n\t\t\t<h3 class=\"elementor-heading-title elementor-size-default\">Les sept p\u00e9ch\u00e9s capitaux (et petit bonus)<\/h3>\t\t<\/div>\n\t\t\t\t<\/div>\n\t\t\t\t\t<\/div>\n\t\t\t\t<\/div>\n\t\t<div class=\"elementor-element elementor-element-653b662 e-flex e-con-boxed e-con e-parent\" data-id=\"653b662\" data-element_type=\"container\">\n\t\t\t\t\t<div class=\"e-con-inner\">\n\t\t\t\t<div class=\"elementor-element elementor-element-4e3dc79 elementor-widget elementor-widget-image\" data-id=\"4e3dc79\" data-element_type=\"widget\" data-widget_type=\"image.default\">\n\t\t\t\t<div class=\"elementor-widget-container\">\n\t\t\t<style>\/*! elementor - v3.23.0 - 25-07-2024 *\/\n.elementor-widget-image{text-align:center}.elementor-widget-image a{display:inline-block}.elementor-widget-image a img[src$=\".svg\"]{width:48px}.elementor-widget-image img{vertical-align:middle;display:inline-block}<\/style>\t\t\t\t\t\t\t\t\t\t<img fetchpriority=\"high\" decoding=\"async\" width=\"1414\" height=\"2000\" src=\"https:\/\/athinawildcat.com\/wp-content\/uploads\/2024\/07\/Lexique-1_La-Gourmandise.png\" class=\"attachment-full size-full wp-image-1573\" alt=\"\" srcset=\"https:\/\/athinawildcat.com\/wp-content\/uploads\/2024\/07\/Lexique-1_La-Gourmandise.png 1414w, https:\/\/athinawildcat.com\/wp-content\/uploads\/2024\/07\/Lexique-1_La-Gourmandise-212x300.png 212w, https:\/\/athinawildcat.com\/wp-content\/uploads\/2024\/07\/Lexique-1_La-Gourmandise-724x1024.png 724w, https:\/\/athinawildcat.com\/wp-content\/uploads\/2024\/07\/Lexique-1_La-Gourmandise-768x1086.png 768w, https:\/\/athinawildcat.com\/wp-content\/uploads\/2024\/07\/Lexique-1_La-Gourmandise-1086x1536.png 1086w\" sizes=\"(max-width: 1414px) 100vw, 1414px\" \/>\t\t\t\t\t\t\t\t\t\t\t\t\t<\/div>\n\t\t\t\t<\/div>\n\t\t\t\t\t<\/div>\n\t\t\t\t<\/div>\n\t\t<div class=\"elementor-element elementor-element-88868b6 e-flex e-con-boxed e-con e-parent\" data-id=\"88868b6\" data-element_type=\"container\">\n\t\t\t\t\t<div class=\"e-con-inner\">\n\t\t\t\t<div class=\"elementor-element elementor-element-6ac020c elementor-widget elementor-widget-image\" data-id=\"6ac020c\" data-element_type=\"widget\" data-widget_type=\"image.default\">\n\t\t\t\t<div class=\"elementor-widget-container\">\n\t\t\t\t\t\t\t\t\t\t\t\t\t<img decoding=\"async\" width=\"1414\" height=\"2000\" src=\"https:\/\/athinawildcat.com\/wp-content\/uploads\/2024\/07\/Lexique-2_La-luxure.png\" class=\"attachment-full size-full wp-image-1574\" alt=\"\" srcset=\"https:\/\/athinawildcat.com\/wp-content\/uploads\/2024\/07\/Lexique-2_La-luxure.png 1414w, https:\/\/athinawildcat.com\/wp-content\/uploads\/2024\/07\/Lexique-2_La-luxure-212x300.png 212w, https:\/\/athinawildcat.com\/wp-content\/uploads\/2024\/07\/Lexique-2_La-luxure-724x1024.png 724w, https:\/\/athinawildcat.com\/wp-content\/uploads\/2024\/07\/Lexique-2_La-luxure-768x1086.png 768w, https:\/\/athinawildcat.com\/wp-content\/uploads\/2024\/07\/Lexique-2_La-luxure-1086x1536.png 1086w\" sizes=\"(max-width: 1414px) 100vw, 1414px\" \/>\t\t\t\t\t\t\t\t\t\t\t\t\t<\/div>\n\t\t\t\t<\/div>\n\t\t\t\t\t<\/div>\n\t\t\t\t<\/div>\n\t\t<div class=\"elementor-element elementor-element-5603cf2 e-flex e-con-boxed e-con e-parent\" data-id=\"5603cf2\" data-element_type=\"container\">\n\t\t\t\t\t<div class=\"e-con-inner\">\n\t\t\t\t<div class=\"elementor-element elementor-element-0af315c elementor-widget elementor-widget-image\" data-id=\"0af315c\" data-element_type=\"widget\" data-widget_type=\"image.default\">\n\t\t\t\t<div class=\"elementor-widget-container\">\n\t\t\t\t\t\t\t\t\t\t\t\t\t<img decoding=\"async\" width=\"1414\" height=\"2000\" src=\"https:\/\/athinawildcat.com\/wp-content\/uploads\/2024\/07\/Lexique-3_La-Colere.png\" class=\"attachment-full size-full wp-image-1575\" alt=\"\" srcset=\"https:\/\/athinawildcat.com\/wp-content\/uploads\/2024\/07\/Lexique-3_La-Colere.png 1414w, https:\/\/athinawildcat.com\/wp-content\/uploads\/2024\/07\/Lexique-3_La-Colere-212x300.png 212w, https:\/\/athinawildcat.com\/wp-content\/uploads\/2024\/07\/Lexique-3_La-Colere-724x1024.png 724w, https:\/\/athinawildcat.com\/wp-content\/uploads\/2024\/07\/Lexique-3_La-Colere-768x1086.png 768w, https:\/\/athinawildcat.com\/wp-content\/uploads\/2024\/07\/Lexique-3_La-Colere-1086x1536.png 1086w\" sizes=\"(max-width: 1414px) 100vw, 1414px\" \/>\t\t\t\t\t\t\t\t\t\t\t\t\t<\/div>\n\t\t\t\t<\/div>\n\t\t\t\t\t<\/div>\n\t\t\t\t<\/div>\n\t\t\t\t<\/div>\n\t\t","protected":false},"excerpt":{"rendered":"<p>LEXIQUE REVISITE Une fa\u00e7on particuli\u00e8re de d\u00e9finir une \u00e9motion, un \u00e9tat,&#8230; Les faisant paraitre plus vivant que jamais, ils prennent le visage de personnages, tant\u00f4t obscures, tant\u00f4t dr\u00f4les.&nbsp; Les sept p\u00e9ch\u00e9s capitaux (et petit bonus)<\/p>\n","protected":false},"author":1,"featured_media":0,"parent":0,"menu_order":0,"comment_status":"open","ping_status":"closed","template":"","meta":{"_monsterinsights_skip_tracking":false,"_monsterinsights_sitenote_active":false,"_monsterinsights_sitenote_note":"","_monsterinsights_sitenote_category":0,"_kad_post_transparent":"","_kad_post_title":"","_kad_post_layout":"","_kad_post_sidebar_id":"","_kad_post_content_style":"","_kad_post_vertical_padding":"","_kad_post_feature":"","_kad_post_feature_position":"","_kad_post_header":false,"_kad_post_footer":false,"footnotes":""},"aioseo_notices":[],"_links":{"self":[{"href":"https:\/\/athinawildcat.com\/index.php\/wp-json\/wp\/v2\/pages\/14"}],"collection":[{"href":"https:\/\/athinawildcat.com\/index.php\/wp-json\/wp\/v2\/pages"}],"about":[{"href":"https:\/\/athinawildcat.com\/index.php\/wp-json\/wp\/v2\/types\/page"}],"author":[{"embeddable":true,"href":"https:\/\/athinawildcat.com\/index.php\/wp-json\/wp\/v2\/users\/1"}],"replies":[{"embeddable":true,"href":"https:\/\/athinawildcat.com\/index.php\/wp-json\/wp\/v2\/comments?post=14"}],"version-history":[{"count":175,"href":"https:\/\/athinawildcat.com\/index.php\/wp-json\/wp\/v2\/pages\/14\/revisions"}],"predecessor-version":[{"id":1760,"href":"https:\/\/athinawildcat.com\/index.php\/wp-json\/wp\/v2\/pages\/14\/revisions\/1760"}],"wp:attachment":[{"href":"https:\/\/athinawildcat.com\/index.php\/wp-json\/wp\/v2\/media?parent=14"}],"curies":[{"name":"wp","href":"https:\/\/api.w.org\/{rel}","templated":true}]}}