{"id":1084,"date":"2024-03-10T12:22:27","date_gmt":"2024-03-10T11:22:27","guid":{"rendered":"https:\/\/athinawildcat.com\/?page_id=1084"},"modified":"2024-07-12T20:12:01","modified_gmt":"2024-07-12T18:12:01","slug":"reflexion_lhomme-ce-predateur","status":"publish","type":"page","link":"https:\/\/athinawildcat.com\/index.php\/reflexion_lhomme-ce-predateur\/","title":{"rendered":"Divers &#8211; L&rsquo;homme ce pr\u00e9dateur"},"content":{"rendered":"\t\t<div data-elementor-type=\"wp-page\" data-elementor-id=\"1084\" class=\"elementor elementor-1084\">\n\t\t\t\t<div class=\"elementor-element elementor-element-ad531b6 e-flex e-con-boxed e-con e-parent\" data-id=\"ad531b6\" data-element_type=\"container\">\n\t\t\t\t\t<div class=\"e-con-inner\">\n\t\t\t\t<div class=\"elementor-element elementor-element-011c9d8 elementor-widget elementor-widget-heading\" data-id=\"011c9d8\" data-element_type=\"widget\" data-widget_type=\"heading.default\">\n\t\t\t\t<div class=\"elementor-widget-container\">\n\t\t\t<style>\/*! elementor - v3.23.0 - 25-07-2024 *\/\n.elementor-heading-title{padding:0;margin:0;line-height:1}.elementor-widget-heading .elementor-heading-title[class*=elementor-size-]>a{color:inherit;font-size:inherit;line-height:inherit}.elementor-widget-heading .elementor-heading-title.elementor-size-small{font-size:15px}.elementor-widget-heading .elementor-heading-title.elementor-size-medium{font-size:19px}.elementor-widget-heading .elementor-heading-title.elementor-size-large{font-size:29px}.elementor-widget-heading .elementor-heading-title.elementor-size-xl{font-size:39px}.elementor-widget-heading .elementor-heading-title.elementor-size-xxl{font-size:59px}<\/style><h2 class=\"elementor-heading-title elementor-size-default\">L'HOMME CE PREDATEUR<\/h2>\t\t<\/div>\n\t\t\t\t<\/div>\n\t\t\t\t\t<\/div>\n\t\t\t\t<\/div>\n\t\t<div class=\"elementor-element elementor-element-d76ce44 e-flex e-con-boxed e-con e-parent\" data-id=\"d76ce44\" data-element_type=\"container\">\n\t\t\t\t\t<div class=\"e-con-inner\">\n\t\t\t\t<div class=\"elementor-element elementor-element-4e239f6 elementor-widget elementor-widget-text-editor\" data-id=\"4e239f6\" data-element_type=\"widget\" data-widget_type=\"text-editor.default\">\n\t\t\t\t<div class=\"elementor-widget-container\">\n\t\t\t<style>\/*! elementor - v3.23.0 - 25-07-2024 *\/\n.elementor-widget-text-editor.elementor-drop-cap-view-stacked .elementor-drop-cap{background-color:#69727d;color:#fff}.elementor-widget-text-editor.elementor-drop-cap-view-framed .elementor-drop-cap{color:#69727d;border:3px solid;background-color:transparent}.elementor-widget-text-editor:not(.elementor-drop-cap-view-default) .elementor-drop-cap{margin-top:8px}.elementor-widget-text-editor:not(.elementor-drop-cap-view-default) .elementor-drop-cap-letter{width:1em;height:1em}.elementor-widget-text-editor .elementor-drop-cap{float:left;text-align:center;line-height:1;font-size:50px}.elementor-widget-text-editor .elementor-drop-cap-letter{display:inline-block}<\/style>\t\t\t\t<h6><span style=\"color: #000000;\">R\u00e9flexions personnelles<\/span><\/h6>\t\t\t\t\t\t<\/div>\n\t\t\t\t<\/div>\n\t\t\t\t\t<\/div>\n\t\t\t\t<\/div>\n\t\t<div class=\"elementor-element elementor-element-1572ed6 e-flex e-con-boxed e-con e-parent\" data-id=\"1572ed6\" data-element_type=\"container\">\n\t\t\t\t\t<div class=\"e-con-inner\">\n\t\t\t\t<div class=\"elementor-element elementor-element-e4af878 elementor-widget elementor-widget-text-editor\" data-id=\"e4af878\" data-element_type=\"widget\" data-widget_type=\"text-editor.default\">\n\t\t\t\t<div class=\"elementor-widget-container\">\n\t\t\t\t\t\t\t<p><span style=\"color: #003300;\">Les croyances de certains d\u2019entre nous et ceux des scientifiques contredisent l\u2019origine de l\u2019homme. L\u2019homme descend-il vraiment du singe ou est-ce Dieu qui l\u2019a cr\u00e9\u00e9\u00a0? Je ne suis pas l\u00e0 pour r\u00e9pondre \u00e0 cette question ni d\u00e9battre sur ce sujet. Mais d\u00e9montrer que tout comme l\u2019esp\u00e8ce animal, l\u2019Homme est un pr\u00e9dateur et que sa nature humaine le pousse \u00e0 la violence. Mon analyse va assur\u00e9ment d\u00e9plaire \u00e0 quelques personnes \u2013 si ce n\u2019est un grand nombre \u2013 toujours est-il que mes r\u00e9flexions personnelles r\u00e9sultent de constats malheureux et de faits d\u2019actualit\u00e9. Afin d\u2019\u00e9tayer mes propos, je me suis pench\u00e9e sur quelques articles. \u00a0<\/span><\/p><p><span style=\"color: #003300;\">Je ne vous apprends rien en vous disant que dans la vie, il y a les proies et les pr\u00e9dateurs. Ceux qui tuent et ceux qui se font tuer. C\u2019est le cycle de la vie. A la seule diff\u00e9rence, c\u2019est que si l\u2019animal tue c\u2019est avant tout pour sa survie. Se nourrir et nourrir ses petits est sa principale pr\u00e9occupation. La deuxi\u00e8me \u00e9tant de se battre pour d\u00e9fendre son territoire. L\u2019Homme est quant \u00e0 lui motiv\u00e9 par une multitude de raisons lorsqu\u2019il s\u2019agit d\u2019utiliser la violence. Certes, il est \u00e9galement amen\u00e9 \u00e0 tuer pour se d\u00e9fendre et d\u00e9fendre les siens, mais \u00e0 la diff\u00e9rence des animaux, s\u2019ils tuent ses semblables c\u2019est en grande partie par folie, par vengeance ou encore pour prendre ce qui pour lui lui est d\u00fb. On parle beaucoup des hommes qui tuent des animaux \u00e0 outrance lorsqu\u2019ils chassent, mais on semble oublier qu\u2019ils tuent autant si ce n\u2019est plus sa propre esp\u00e8ce.<\/span><\/p><p><span style=\"color: #003300;\">Savez-vous combien de crimes sanguinaires sont commis par l\u2019Homme chaque ann\u00e9e\u00a0? On d\u00e9note plus de 740 000 homicides dans le monde, soit 1 916 par jour. Une partie provient de violences li\u00e9es \u00e0 des conflits arm\u00e9s mais la majorit\u00e9 des crimes se d\u00e9roulent en dehors des zones de guerre. L\u2019Am\u00e9rique Latine \u00e9tant le continent o\u00f9 l\u2019on compte cinq fois plus d\u2019homicide qu\u2019ailleurs.<\/span><\/p><p><span style=\"color: #003300;\">Les hommes repr\u00e9sentent pr\u00e8s de 80% de l\u2019ensemble des victimes d\u2019homicide. Mais les femmes repr\u00e9sentent 64% des victimes d\u2019homicide commis par un partenaire intime ou un membre de la famille (des p\u00e8res, des maris, des fr\u00e8res,\u2026). 70% des victimes identifi\u00e9es de trafic d\u2019\u00eatres humains sont des femmes et des filles dont la majorit\u00e9 sont exploit\u00e9es \u00e0 des fins sexuelles. Le nombre de f\u00e9minicide ne cesse n\u2019ont plus d\u2019augmenter.<\/span><\/p><p><span style=\"color: #003300;\">Poss\u00e9der l\u2019autre, utiliser la violence pour obtenir ce que l\u2019homme pense \u00eatre un d\u00fb est le quotidien de bien trop de femmes. Viol, violence conjugale se comptent par milliers chaque ann\u00e9e dans le monde.<\/span><\/p><p><span style=\"color: #003300;\">Les pr\u00e9dateurs animaux et les pr\u00e9dateurs humains ont les m\u00eames pr\u00e9dispositions lorsqu\u2019ils chassent. Ces deux esp\u00e8ces sont tous deux attir\u00e9es par la peur, la faiblesse de leurs cong\u00e9n\u00e8res, faisant ainsi d\u2019eux leurs proies de pr\u00e9dilection. Pas \u00e9tonnant donc si les jeunes hommes et les femmes sont les principales cibles de ces pr\u00e9dateurs. Se confronter \u00e0 plus fort qu\u2019eux serait bien trop dangereux. \u00a0Pour autant certains n\u2019h\u00e9sitent pas, quitte \u00e0 se mettre \u00e0 plusieurs sur leur proie. Tout comme les animaux qui se coordonnent et attaquent en meute pour chasser une proie plus forte qu\u2019eux pour se nourrir, les Hommes s\u2019en prennent \u00e0 leur victime en groupe m\u00eame quand cette derni\u00e8re est d\u00e9j\u00e0 \u00e0 terre. L\u2019effet de groupe est d\u00e9vastateur. Agir ensemble semble beaucoup plus r\u00e9jouissant qu\u2019agir seul. Comment en est-on arriv\u00e9 l\u00e0\u00a0?<\/span><\/p><p><span style=\"color: #003300;\">En France, les m\u00eames sc\u00e8nes se r\u00e9p\u00e8tent inlassablement. Terrasser un gar\u00e7on (ou une fille) de coups \u00e0 plusieurs alors que ce dernier est \u00e0 terre est devenu la normalit\u00e9. \u00a0Tout comme le fait de filmer la sc\u00e8ne au lieu d\u2019appeler les secours ou de s\u2019interposer. Personne n\u2019osera le dire, mais l\u2019Homme aime engendrer la violence et se repa\u00eetre de la souffrance de ses semblables. M\u00eame si nous ne sommes pas tous dot\u00e9s de cette perversion, notre inertie est le reflet de notre passivit\u00e9 face \u00e0 la situation.<\/span><\/p><p><span style=\"color: #003300;\">Nous sommes soit captiv\u00e9 soit d\u00e9gout\u00e9 mais tr\u00e8s peu d\u00e9tourne le regard. L\u2019horreur de la sc\u00e8ne est-elle que nous restons fig\u00e9s tels des pantins qui attendraient que l\u2019on vienne tirer leurs ficelles.<\/span><\/p><p><span style=\"color: #003300;\">La pr\u00e9dation ferait-il d\u00e9sormais partie de la normalit\u00e9\u00a0? Tout pense \u00e0 le croire. Tant que les Hommes seront anim\u00e9s par la seule id\u00e9e du pouvoir et par la seule volont\u00e9 de d\u00e9montrer leur force, nous irons forc\u00e9ment vers notre propre destruction. Les guerres, les f\u00e9minicides, la traite des hommes, les tueries de toutes sortes ne cesseront si aucune solution n\u2019est trouv\u00e9e. Instaurer des soci\u00e9t\u00e9s pacifiques o\u00f9 r\u00e9soudre des conflits autrement que par la violence semblerait-il donc si irr\u00e9aliste\u00a0?<\/span><\/p>\t\t\t\t\t\t<\/div>\n\t\t\t\t<\/div>\n\t\t\t\t\t<\/div>\n\t\t\t\t<\/div>\n\t\t<div class=\"elementor-element elementor-element-049265f e-flex e-con-boxed e-con e-parent\" data-id=\"049265f\" data-element_type=\"container\">\n\t\t\t\t\t<div class=\"e-con-inner\">\n\t\t\t\t\t<\/div>\n\t\t\t\t<\/div>\n\t\t<div class=\"elementor-element elementor-element-d082acb e-flex e-con-boxed e-con e-parent\" data-id=\"d082acb\" data-element_type=\"container\">\n\t\t\t\t\t<div class=\"e-con-inner\">\n\t\t\t\t<div class=\"elementor-element elementor-element-38782c1 elementor-widget elementor-widget-text-editor\" data-id=\"38782c1\" data-element_type=\"widget\" data-widget_type=\"text-editor.default\">\n\t\t\t\t<div class=\"elementor-widget-container\">\n\t\t\t\t\t\t\t<p><span style=\"text-decoration: underline;\">Sources<\/span>\u00a0:<\/p><ul><li>Globometer\u00a0: <a href=\"https:\/\/globometer.com\/criminalite-homicides.php\">criminalit\u00e9-homicides<\/a><\/li><li><a href=\"http:\/\/athinawildcat.com\/wp-content\/uploads\/2024\/03\/ODD_16_Rapport2019.pdf\">Paix, justice et institutions efficaces<\/a><\/li><\/ul>\t\t\t\t\t\t<\/div>\n\t\t\t\t<\/div>\n\t\t\t\t\t<\/div>\n\t\t\t\t<\/div>\n\t\t\t\t<\/div>\n\t\t","protected":false},"excerpt":{"rendered":"<p>L&rsquo;HOMME CE PREDATEUR R\u00e9flexions personnelles Les croyances de certains d\u2019entre nous et ceux des scientifiques contredisent l\u2019origine de l\u2019homme. L\u2019homme descend-il vraiment du singe ou est-ce Dieu qui l\u2019a cr\u00e9\u00e9\u00a0? Je ne suis pas l\u00e0 pour r\u00e9pondre \u00e0 cette question ni d\u00e9battre sur ce sujet. Mais d\u00e9montrer que tout comme l\u2019esp\u00e8ce animal, l\u2019Homme est un&#8230;<\/p>\n","protected":false},"author":1,"featured_media":0,"parent":0,"menu_order":0,"comment_status":"closed","ping_status":"closed","template":"","meta":{"_monsterinsights_skip_tracking":false,"_monsterinsights_sitenote_active":false,"_monsterinsights_sitenote_note":"","_monsterinsights_sitenote_category":0,"_kad_post_transparent":"","_kad_post_title":"hide","_kad_post_layout":"fullwidth","_kad_post_sidebar_id":"","_kad_post_content_style":"unboxed","_kad_post_vertical_padding":"hide","_kad_post_feature":"hide","_kad_post_feature_position":"","_kad_post_header":false,"_kad_post_footer":false,"footnotes":""},"aioseo_notices":[],"_links":{"self":[{"href":"https:\/\/athinawildcat.com\/index.php\/wp-json\/wp\/v2\/pages\/1084"}],"collection":[{"href":"https:\/\/athinawildcat.com\/index.php\/wp-json\/wp\/v2\/pages"}],"about":[{"href":"https:\/\/athinawildcat.com\/index.php\/wp-json\/wp\/v2\/types\/page"}],"author":[{"embeddable":true,"href":"https:\/\/athinawildcat.com\/index.php\/wp-json\/wp\/v2\/users\/1"}],"replies":[{"embeddable":true,"href":"https:\/\/athinawildcat.com\/index.php\/wp-json\/wp\/v2\/comments?post=1084"}],"version-history":[{"count":14,"href":"https:\/\/athinawildcat.com\/index.php\/wp-json\/wp\/v2\/pages\/1084\/revisions"}],"predecessor-version":[{"id":1665,"href":"https:\/\/athinawildcat.com\/index.php\/wp-json\/wp\/v2\/pages\/1084\/revisions\/1665"}],"wp:attachment":[{"href":"https:\/\/athinawildcat.com\/index.php\/wp-json\/wp\/v2\/media?parent=1084"}],"curies":[{"name":"wp","href":"https:\/\/api.w.org\/{rel}","templated":true}]}}